{"id":54025,"date":"2018-05-14T00:30:49","date_gmt":"2022-12-20T19:51:16","guid":{"rendered":"https:\/\/www.dorvador.org.il\/?post_type=product&#038;p=54025"},"modified":"2022-12-21T18:30:01","modified_gmt":"2022-12-21T16:30:01","slug":"mezouza","status":"publish","type":"product","link":"https:\/\/www.dorvador.org.il\/fr\/produit\/mezouza\/","title":{"rendered":"MEZOUZA"},"content":{"rendered":"<p style=\"direction: ltr;\">Les mezouzot du Rav Ben Tov: Pour chaque mezouza, nous choisissons un parchemin sp\u00e9cifiquement destin\u00e9 \u00e0 la Mitsva de la mezouza, elle est ensuite \u00e9crite par un scribe professionnel certifi\u00e9, chaque scribe est personnellement attest\u00e9 par le rabbin Shimon Ben Tov <em>Chlita<\/em>.<\/p>\n<p style=\"direction: ltr;\">La mezouza est \u00e9crite avec une encre sp\u00e9ciale qui dure des ann\u00e9es.<\/p>\n<p style=\"direction: ltr;\">Chaque mezouza passe par deux v\u00e9rifications humaines et une v\u00e9rification informatique.<\/p>\n<p style=\"direction: ltr;\">Il existe 3 principales types d&rsquo;\u00e9criture en fonction des traditions du peuple d&rsquo;Isra\u00ebl:<\/p>\n<ol>\n<li style=\"direction: ltr;\">S\u00e9farade (courant chez les personnes d&rsquo;origine orientale et nord-africaine)<\/li>\n<li style=\"direction: ltr;\">\u00a0Ashk\u00e9naze (courant chez les communaut\u00e9s d&rsquo;origine lituanienne et polonaise)<\/li>\n<li style=\"direction: ltr;\">\u00a0Arizal (courant chez les hassidim et en particulier les Habad).<\/li>\n<\/ol>\n<p style=\"direction: ltr;\">Tous ces types d&rsquo;\u00e9criture existent en trois tailles, 12 cm, 15 cm, 20 cm. Plus la taille du parchemin est grande, plus la qualit\u00e9 et le niveau de l&rsquo;\u00e9criture sont \u00e9lev\u00e9es.<\/p>\n<p style=\"direction: ltr;\">Le produit peut \u00eatre retourn\u00e9 dans les 14 jours suivant sa r\u00e9ception, \u00e0 condition qu&rsquo;il n&rsquo;ait pas \u00e9t\u00e9 utilis\u00e9.<\/p>\n","protected":false},"excerpt":{"rendered":"<p>Les mezouzot du Rav Ben Tov sont tr\u00e8s reconnues dans le monde des Sofrim, elles sont \u00e9crites avec une crainte divine par des scribes experts et approuv\u00e9s par le Rav Shimon Ben Tov d&rsquo;Isra\u00ebl. Les mezouzot sont \u00e9crites selon la tradition et les r\u00e8gles sp\u00e9cifiques inculqu\u00e9es par le Rav Moch\u00e9 Ben Tov<em> Zatsal<\/em>. Jusqu&rsquo;\u00e0 pr\u00e9sent, plus d&rsquo;un quart de million de mezouzot ont \u00e9t\u00e9 achet\u00e9es dans nos institutions. Nous disposons d&rsquo;une grande vari\u00e9t\u00e9 de mezouzot aussi bien dans les types d&rsquo;\u00e9criture que dans les tailles.<\/p>\n","protected":false},"featured_media":3534,"template":"","meta":[],"product_brand":[],"product_cat":[135],"product_tag":[],"class_list":{"0":"post-54025","1":"product","2":"type-product","3":"status-publish","4":"has-post-thumbnail","6":"product_cat-mezouza","8":"first","9":"instock","10":"shipping-taxable","11":"purchasable","12":"product-type-variable"},"yoast_head":"<!-- This site is optimized with the Yoast SEO plugin v25.5 - https:\/\/yoast.com\/wordpress\/plugins\/seo\/ -->\n<title>MEZOUZA - \u05de\u05d5\u05e1\u05d3\u05d5\u05ea &quot;\u05d3\u05d5\u05e8 \u05d5\u05d3\u05d5\u05e8&quot;<\/title>\n<meta name=\"robots\" content=\"index, follow, max-snippet:-1, max-image-preview:large, max-video-preview:-1\" \/>\n<link rel=\"canonical\" href=\"https:\/\/www.dorvador.org.il\/fr\/produit\/mezouza\/\" \/>\n<meta property=\"og:locale\" content=\"fr_FR\" \/>\n<meta property=\"og:type\" content=\"article\" \/>\n<meta property=\"og:title\" content=\"MEZOUZA - \u05de\u05d5\u05e1\u05d3\u05d5\u05ea &quot;\u05d3\u05d5\u05e8 \u05d5\u05d3\u05d5\u05e8&quot;\" \/>\n<meta property=\"og:description\" content=\"Les mezouzot du Rav Ben Tov sont tr\u00e8s reconnues dans le monde des Sofrim, elles sont \u00e9crites avec une crainte divine par des scribes experts et approuv\u00e9s par le Rav Shimon Ben Tov d&#039;Isra\u00ebl. Les mezouzot sont \u00e9crites selon la tradition et les r\u00e8gles sp\u00e9cifiques inculqu\u00e9es par le Rav Moch\u00e9 Ben Tov Zatsal. Jusqu&#039;\u00e0 pr\u00e9sent, plus d&#039;un quart de million de mezouzot ont \u00e9t\u00e9 achet\u00e9es dans nos institutions. Nous disposons d&#039;une grande vari\u00e9t\u00e9 de mezouzot aussi bien dans les types d&#039;\u00e9criture que dans les tailles.\" \/>\n<meta property=\"og:url\" content=\"https:\/\/www.dorvador.org.il\/fr\/produit\/mezouza\/\" \/>\n<meta property=\"og:site_name\" content=\"\u05de\u05d5\u05e1\u05d3\u05d5\u05ea &quot;\u05d3\u05d5\u05e8 \u05d5\u05d3\u05d5\u05e8&quot;\" \/>\n<meta property=\"article:modified_time\" content=\"2022-12-21T16:30:01+00:00\" \/>\n<meta property=\"og:image\" content=\"https:\/\/www.dorvador.org.il\/wp-content\/uploads\/2018\/10\/\u05de\u05d6\u05d5\u05d6\u05d4-\u05d4\u05d0\u05e8\u05f4\u05d9.jpg\" \/>\n\t<meta property=\"og:image:width\" content=\"1400\" \/>\n\t<meta property=\"og:image:height\" content=\"1446\" \/>\n\t<meta property=\"og:image:type\" content=\"image\/jpeg\" \/>\n<meta name=\"twitter:card\" content=\"summary_large_image\" \/>\n<meta name=\"twitter:label1\" content=\"Dur\u00e9e de lecture estim\u00e9e\" \/>\n\t<meta name=\"twitter:data1\" content=\"1 minute\" \/>\n<script type=\"application\/ld+json\" class=\"yoast-schema-graph\">{\"@context\":\"https:\/\/schema.org\",\"@graph\":[{\"@type\":\"WebPage\",\"@id\":\"https:\/\/www.dorvador.org.il\/fr\/produit\/mezouza\/\",\"url\":\"https:\/\/www.dorvador.org.il\/fr\/produit\/mezouza\/\",\"name\":\"MEZOUZA - \u05de\u05d5\u05e1\u05d3\u05d5\u05ea &quot;\u05d3\u05d5\u05e8 \u05d5\u05d3\u05d5\u05e8&quot;\",\"isPartOf\":{\"@id\":\"https:\/\/www.dorvador.org.il\/#website\"},\"primaryImageOfPage\":{\"@id\":\"https:\/\/www.dorvador.org.il\/fr\/produit\/mezouza\/#primaryimage\"},\"image\":{\"@id\":\"https:\/\/www.dorvador.org.il\/fr\/produit\/mezouza\/#primaryimage\"},\"thumbnailUrl\":\"https:\/\/www.dorvador.org.il\/wp-content\/uploads\/2018\/10\/\u05de\u05d6\u05d5\u05d6\u05d4-\u05d4\u05d0\u05e8\u05f4\u05d9.jpg\",\"datePublished\":\"2022-12-20T19:51:16+00:00\",\"dateModified\":\"2022-12-21T16:30:01+00:00\",\"breadcrumb\":{\"@id\":\"https:\/\/www.dorvador.org.il\/fr\/produit\/mezouza\/#breadcrumb\"},\"inLanguage\":\"fr-FR\",\"potentialAction\":[{\"@type\":\"ReadAction\",\"target\":[\"https:\/\/www.dorvador.org.il\/fr\/produit\/mezouza\/\"]}]},{\"@type\":\"ImageObject\",\"inLanguage\":\"fr-FR\",\"@id\":\"https:\/\/www.dorvador.org.il\/fr\/produit\/mezouza\/#primaryimage\",\"url\":\"https:\/\/www.dorvador.org.il\/wp-content\/uploads\/2018\/10\/\u05de\u05d6\u05d5\u05d6\u05d4-\u05d4\u05d0\u05e8\u05f4\u05d9.jpg\",\"contentUrl\":\"https:\/\/www.dorvador.org.il\/wp-content\/uploads\/2018\/10\/\u05de\u05d6\u05d5\u05d6\u05d4-\u05d4\u05d0\u05e8\u05f4\u05d9.jpg\",\"width\":1400,\"height\":1446},{\"@type\":\"BreadcrumbList\",\"@id\":\"https:\/\/www.dorvador.org.il\/fr\/produit\/mezouza\/#breadcrumb\",\"itemListElement\":[{\"@type\":\"ListItem\",\"position\":1,\"name\":\"Home\",\"item\":\"https:\/\/www.dorvador.org.il\/\"},{\"@type\":\"ListItem\",\"position\":2,\"name\":\"Boutique\",\"item\":\"https:\/\/www.dorvador.org.il\/fr\/boutique\/\"},{\"@type\":\"ListItem\",\"position\":3,\"name\":\"MEZOUZA\"}]},{\"@type\":\"WebSite\",\"@id\":\"https:\/\/www.dorvador.org.il\/#website\",\"url\":\"https:\/\/www.dorvador.org.il\/\",\"name\":\"\u05de\u05d5\u05e1\u05d3\u05d5\u05ea &quot;\u05d3\u05d5\u05e8 \u05d5\u05d3\u05d5\u05e8&quot;\",\"description\":\"\u05e2\u05dc \u05e9\u05dd \u05d4\u05e6\u05d3\u05d9\u05e7 \u05e8\u05d1\u05d9 \u05d3\u05d5\u05d3 \u05d5\u05de\u05e9\u05d4 \u05d6\u05e6\u05d5\u05e7&quot;\u05dc\",\"publisher\":{\"@id\":\"https:\/\/www.dorvador.org.il\/#organization\"},\"potentialAction\":[{\"@type\":\"SearchAction\",\"target\":{\"@type\":\"EntryPoint\",\"urlTemplate\":\"https:\/\/www.dorvador.org.il\/?s={search_term_string}\"},\"query-input\":{\"@type\":\"PropertyValueSpecification\",\"valueRequired\":true,\"valueName\":\"search_term_string\"}}],\"inLanguage\":\"fr-FR\"},{\"@type\":\"Organization\",\"@id\":\"https:\/\/www.dorvador.org.il\/#organization\",\"name\":\"\u05de\u05d5\u05e1\u05d3\u05d5\u05ea &quot;\u05d3\u05d5\u05e8 \u05d5\u05d3\u05d5\u05e8&quot;\",\"url\":\"https:\/\/www.dorvador.org.il\/\",\"logo\":{\"@type\":\"ImageObject\",\"inLanguage\":\"fr-FR\",\"@id\":\"https:\/\/www.dorvador.org.il\/#\/schema\/logo\/image\/\",\"url\":\"https:\/\/www.dorvador.org.il\/wp-content\/uploads\/2020\/04\/logo_heb.jpg\",\"contentUrl\":\"https:\/\/www.dorvador.org.il\/wp-content\/uploads\/2020\/04\/logo_heb.jpg\",\"width\":199,\"height\":150,\"caption\":\"\u05de\u05d5\u05e1\u05d3\u05d5\u05ea &quot;\u05d3\u05d5\u05e8 \u05d5\u05d3\u05d5\u05e8&quot;\"},\"image\":{\"@id\":\"https:\/\/www.dorvador.org.il\/#\/schema\/logo\/image\/\"}}]}<\/script>\n<!-- \/ Yoast SEO plugin. -->","yoast_head_json":{"title":"MEZOUZA - \u05de\u05d5\u05e1\u05d3\u05d5\u05ea &quot;\u05d3\u05d5\u05e8 \u05d5\u05d3\u05d5\u05e8&quot;","robots":{"index":"index","follow":"follow","max-snippet":"max-snippet:-1","max-image-preview":"max-image-preview:large","max-video-preview":"max-video-preview:-1"},"canonical":"https:\/\/www.dorvador.org.il\/fr\/produit\/mezouza\/","og_locale":"fr_FR","og_type":"article","og_title":"MEZOUZA - \u05de\u05d5\u05e1\u05d3\u05d5\u05ea &quot;\u05d3\u05d5\u05e8 \u05d5\u05d3\u05d5\u05e8&quot;","og_description":"Les mezouzot du Rav Ben Tov sont tr\u00e8s reconnues dans le monde des Sofrim, elles sont \u00e9crites avec une crainte divine par des scribes experts et approuv\u00e9s par le Rav Shimon Ben Tov d'Isra\u00ebl. Les mezouzot sont \u00e9crites selon la tradition et les r\u00e8gles sp\u00e9cifiques inculqu\u00e9es par le Rav Moch\u00e9 Ben Tov Zatsal. Jusqu'\u00e0 pr\u00e9sent, plus d'un quart de million de mezouzot ont \u00e9t\u00e9 achet\u00e9es dans nos institutions. Nous disposons d'une grande vari\u00e9t\u00e9 de mezouzot aussi bien dans les types d'\u00e9criture que dans les tailles.","og_url":"https:\/\/www.dorvador.org.il\/fr\/produit\/mezouza\/","og_site_name":"\u05de\u05d5\u05e1\u05d3\u05d5\u05ea &quot;\u05d3\u05d5\u05e8 \u05d5\u05d3\u05d5\u05e8&quot;","article_modified_time":"2022-12-21T16:30:01+00:00","og_image":[{"width":1400,"height":1446,"url":"https:\/\/www.dorvador.org.il\/wp-content\/uploads\/2018\/10\/\u05de\u05d6\u05d5\u05d6\u05d4-\u05d4\u05d0\u05e8\u05f4\u05d9.jpg","type":"image\/jpeg"}],"twitter_card":"summary_large_image","twitter_misc":{"Dur\u00e9e de lecture estim\u00e9e":"1 minute"},"schema":{"@context":"https:\/\/schema.org","@graph":[{"@type":"WebPage","@id":"https:\/\/www.dorvador.org.il\/fr\/produit\/mezouza\/","url":"https:\/\/www.dorvador.org.il\/fr\/produit\/mezouza\/","name":"MEZOUZA - \u05de\u05d5\u05e1\u05d3\u05d5\u05ea &quot;\u05d3\u05d5\u05e8 \u05d5\u05d3\u05d5\u05e8&quot;","isPartOf":{"@id":"https:\/\/www.dorvador.org.il\/#website"},"primaryImageOfPage":{"@id":"https:\/\/www.dorvador.org.il\/fr\/produit\/mezouza\/#primaryimage"},"image":{"@id":"https:\/\/www.dorvador.org.il\/fr\/produit\/mezouza\/#primaryimage"},"thumbnailUrl":"https:\/\/www.dorvador.org.il\/wp-content\/uploads\/2018\/10\/\u05de\u05d6\u05d5\u05d6\u05d4-\u05d4\u05d0\u05e8\u05f4\u05d9.jpg","datePublished":"2022-12-20T19:51:16+00:00","dateModified":"2022-12-21T16:30:01+00:00","breadcrumb":{"@id":"https:\/\/www.dorvador.org.il\/fr\/produit\/mezouza\/#breadcrumb"},"inLanguage":"fr-FR","potentialAction":[{"@type":"ReadAction","target":["https:\/\/www.dorvador.org.il\/fr\/produit\/mezouza\/"]}]},{"@type":"ImageObject","inLanguage":"fr-FR","@id":"https:\/\/www.dorvador.org.il\/fr\/produit\/mezouza\/#primaryimage","url":"https:\/\/www.dorvador.org.il\/wp-content\/uploads\/2018\/10\/\u05de\u05d6\u05d5\u05d6\u05d4-\u05d4\u05d0\u05e8\u05f4\u05d9.jpg","contentUrl":"https:\/\/www.dorvador.org.il\/wp-content\/uploads\/2018\/10\/\u05de\u05d6\u05d5\u05d6\u05d4-\u05d4\u05d0\u05e8\u05f4\u05d9.jpg","width":1400,"height":1446},{"@type":"BreadcrumbList","@id":"https:\/\/www.dorvador.org.il\/fr\/produit\/mezouza\/#breadcrumb","itemListElement":[{"@type":"ListItem","position":1,"name":"Home","item":"https:\/\/www.dorvador.org.il\/"},{"@type":"ListItem","position":2,"name":"Boutique","item":"https:\/\/www.dorvador.org.il\/fr\/boutique\/"},{"@type":"ListItem","position":3,"name":"MEZOUZA"}]},{"@type":"WebSite","@id":"https:\/\/www.dorvador.org.il\/#website","url":"https:\/\/www.dorvador.org.il\/","name":"\u05de\u05d5\u05e1\u05d3\u05d5\u05ea &quot;\u05d3\u05d5\u05e8 \u05d5\u05d3\u05d5\u05e8&quot;","description":"\u05e2\u05dc \u05e9\u05dd \u05d4\u05e6\u05d3\u05d9\u05e7 \u05e8\u05d1\u05d9 \u05d3\u05d5\u05d3 \u05d5\u05de\u05e9\u05d4 \u05d6\u05e6\u05d5\u05e7&quot;\u05dc","publisher":{"@id":"https:\/\/www.dorvador.org.il\/#organization"},"potentialAction":[{"@type":"SearchAction","target":{"@type":"EntryPoint","urlTemplate":"https:\/\/www.dorvador.org.il\/?s={search_term_string}"},"query-input":{"@type":"PropertyValueSpecification","valueRequired":true,"valueName":"search_term_string"}}],"inLanguage":"fr-FR"},{"@type":"Organization","@id":"https:\/\/www.dorvador.org.il\/#organization","name":"\u05de\u05d5\u05e1\u05d3\u05d5\u05ea &quot;\u05d3\u05d5\u05e8 \u05d5\u05d3\u05d5\u05e8&quot;","url":"https:\/\/www.dorvador.org.il\/","logo":{"@type":"ImageObject","inLanguage":"fr-FR","@id":"https:\/\/www.dorvador.org.il\/#\/schema\/logo\/image\/","url":"https:\/\/www.dorvador.org.il\/wp-content\/uploads\/2020\/04\/logo_heb.jpg","contentUrl":"https:\/\/www.dorvador.org.il\/wp-content\/uploads\/2020\/04\/logo_heb.jpg","width":199,"height":150,"caption":"\u05de\u05d5\u05e1\u05d3\u05d5\u05ea &quot;\u05d3\u05d5\u05e8 \u05d5\u05d3\u05d5\u05e8&quot;"},"image":{"@id":"https:\/\/www.dorvador.org.il\/#\/schema\/logo\/image\/"}}]}},"_links":{"self":[{"href":"https:\/\/www.dorvador.org.il\/fr\/wp-json\/wp\/v2\/product\/54025","targetHints":{"allow":["GET"]}}],"collection":[{"href":"https:\/\/www.dorvador.org.il\/fr\/wp-json\/wp\/v2\/product"}],"about":[{"href":"https:\/\/www.dorvador.org.il\/fr\/wp-json\/wp\/v2\/types\/product"}],"wp:featuredmedia":[{"embeddable":true,"href":"https:\/\/www.dorvador.org.il\/fr\/wp-json\/wp\/v2\/media\/3534"}],"wp:attachment":[{"href":"https:\/\/www.dorvador.org.il\/fr\/wp-json\/wp\/v2\/media?parent=54025"}],"wp:term":[{"taxonomy":"product_brand","embeddable":true,"href":"https:\/\/www.dorvador.org.il\/fr\/wp-json\/wp\/v2\/product_brand?post=54025"},{"taxonomy":"product_cat","embeddable":true,"href":"https:\/\/www.dorvador.org.il\/fr\/wp-json\/wp\/v2\/product_cat?post=54025"},{"taxonomy":"product_tag","embeddable":true,"href":"https:\/\/www.dorvador.org.il\/fr\/wp-json\/wp\/v2\/product_tag?post=54025"}],"curies":[{"name":"wp","href":"https:\/\/api.w.org\/{rel}","templated":true}]}}